{"id":1615,"date":"2023-08-29T13:45:18","date_gmt":"2023-08-29T11:45:18","guid":{"rendered":"https:\/\/www.integratecnologia.es\/ibm-storage-flashsystem\/?page_id=1615"},"modified":"2023-11-27T12:24:09","modified_gmt":"2023-11-27T11:24:09","slug":"politica-de-cookies","status":"publish","type":"page","link":"https:\/\/www.integratecnologia.es\/ibm-storage-flashsystem\/politica-de-cookies\/","title":{"rendered":"Pol\u00edtica de Cookies"},"content":{"rendered":"\n<div class=\"wp-block-uagb-container uagb-block-6c7acc9c alignfull uagb-is-root-container\"><div class=\"uagb-container-inner-blocks-wrap\">\n<div class=\"wp-block-uagb-info-box uagb-block-2bfeb886 uagb-infobox__content-wrap  uagb-infobox-icon-above-title uagb-infobox-image-valign-top\"><div class=\"uagb-ifb-content\"><div class=\"uagb-ifb-title-wrap\"><h1 class=\"uagb-ifb-title\">Pol\u00edtica de cookies<\/h1><\/div><\/div><\/div>\n<\/div><\/div>\n\n\n\n<p><\/p>\n\n\n\n<p>En cumplimiento con el art\u00edculo 22 de la Ley 34\/2002, de 11 de julio, de servicios de la sociedad de la informaci\u00f3n y de comercio electr\u00f3nico (LSSI), en relaci\u00f3n con el Reglamento (UE) 2016\/679 del Parlamento Europeo y del Consejo, de 27 de abril de 2016, General de Protecci\u00f3n de Datos (RGPD) y la Ley Org\u00e1nica 3\/2018, de 5 de diciembre, de Protecci\u00f3n de Datos y garant\u00eda de los derechos digitales (LOPDGDD), INTEGRA pone a disposici\u00f3n de los usuarios la Pol\u00edtica de recogida y tratamiento de cookies del sitio Web.&nbsp;<\/p>\n\n\n\n<p><strong>\u00bfQu\u00e9 son las cookies?&nbsp;<\/strong><\/p>\n\n\n\n<p>Una Cookie\u202fes un fichero que se descarga en su ordenador al acceder a determinadas p\u00e1ginas web. Las cookies permiten a una p\u00e1gina web, entre otras cosas, almacenar y recuperar informaci\u00f3n sobre los h\u00e1bitos de navegaci\u00f3n de un usuario o de su equipo y, dependiendo de la informaci\u00f3n que contengan y de la forma en que utilice su equipo, pueden utilizarse para reconocer al usuario. El navegador del usuario memoriza cookies en el disco duro solamente durante la sesi\u00f3n actual ocupando un espacio de memoria m\u00ednimo y no perjudicando al ordenador. Las cookies no contienen ninguna clase de informaci\u00f3n personal espec\u00edfica, y la mayor\u00eda de las mismas se borran del disco duro al finalizar la sesi\u00f3n de navegador (las denominadas cookies de sesi\u00f3n).&nbsp;<\/p>\n\n\n\n<p>La mayor\u00eda de los navegadores aceptan como est\u00e1ndar a las cookies y, con independencia de las mismas, permiten o impiden en los ajustes de seguridad las cookies temporales o memorizadas.&nbsp;<\/p>\n\n\n\n<p>Sin su expreso consentimiento \u2013mediante la activaci\u00f3n de las cookies en su navegador\u2013 no enlazaremos en las cookies los datos memorizados con sus datos personales proporcionados en el momento del registro o la compra.&nbsp;<\/p>\n\n\n\n<p><strong>\u00bfQu\u00e9 cookies utiliza esta p\u00e1gina web?&nbsp;<\/strong><\/p>\n\n\n\n<p><strong>Cookies propias:&nbsp;<\/strong>Son las que env\u00edan a tu ordenador o dispositivo nuestros Servicios Web y son gestionadas exclusivamente por INTEGRA.&nbsp;<\/p>\n\n\n\n<p><strong>Cookies\u202ft\u00e9cnicas:<\/strong>&nbsp;Son aqu\u00e9llas que permiten al usuario la navegaci\u00f3n a trav\u00e9s de una p\u00e1gina web, plataforma o aplicaci\u00f3n y la utilizaci\u00f3n de las diferentes opciones o servicios que en ella existan como, por ejemplo, controlar el tr\u00e1fico y la comunicaci\u00f3n de datos, identificar la sesi\u00f3n, acceder a partes de acceso restringido, recordar los elementos que integran un pedido, realizar el proceso de compra de un pedido, realizar la solicitud de inscripci\u00f3n o participaci\u00f3n en un evento, utilizar elementos de seguridad durante la navegaci\u00f3n, almacenar contenidos para la difusi\u00f3n de videos o sonido o compartir contenidos a trav\u00e9s de redes sociales. El tratamiento de este tipo de cookies tiene como base jur\u00eddica el inter\u00e9s leg\u00edtimo del responsable del tratamiento, y se conservar\u00e1n durante un periodo m\u00e1ximo de 30 d\u00edas. Algunas cookies t\u00e9cnicas son cookies de sesi\u00f3n, lo que quiere decir que la cookie permanecer\u00e1 en su dispositivo hasta que finalice la sesi\u00f3n, es decir, cierre el navegador.&nbsp;<\/p>\n\n\n\n<p><strong>Cookies\u202ffuncionales:<\/strong>\u202fPermiten que el sitio web al usuario una funcionalidad mejorada y una mayor personalizaci\u00f3n, a partir de su interacci\u00f3n con el mismo. \u00c9stas pueden ser configuradas por nosotros o por proveedores externos.&nbsp;<\/p>\n\n\n\n<p><strong>Cookies de personalizaci\u00f3n:<\/strong>&nbsp;Son aqu\u00e9llas que permiten al usuario acceder al servicio con algunas caracter\u00edsticas de car\u00e1cter general predefinidas en funci\u00f3n de una serie de criterios en el terminal del usuario. Por ejemplo, el idioma, el tipo de navegador a trav\u00e9s del cual accede al servicio, la configuraci\u00f3n regional desde donde accede al servicio, etc.&nbsp;<\/p>\n\n\n\n<p><strong>Cookies de an\u00e1lisis o medici\u00f3n:<\/strong>&nbsp;Son aquellas que permiten al responsable de las mismas el seguimiento y an\u00e1lisis del comportamiento de los usuarios de los sitios web a los que est\u00e1n vinculadas, incluida la cuantificaci\u00f3n de los impactos de los anuncios. La informaci\u00f3n recogida mediante este tipo de cookies se utiliza en la medici\u00f3n de la actividad de los sitios web, aplicaci\u00f3n o plataforma, con el fin de introducir mejoras en funci\u00f3n del an\u00e1lisis de los datos de uso que hacen los usuarios del servicio. El tratamiento de este tipo de cookies tiene como base jur\u00eddica el consentimiento del interesado y se conservar\u00e1n durante un periodo m\u00e1ximo de 2 a\u00f1os.&nbsp;<\/p>\n\n\n\n<p><strong>Cookies publicitarias:<\/strong>&nbsp;Son aqu\u00e9llas que, bien tratadas por nosotros o por terceros, nos permiten gestionar de la forma m\u00e1s eficaz posible la oferta de los espacios publicitarios que hay en la p\u00e1gina web, adecuando el contenido del anuncio al contenido del servicio solicitado o al uso que realice de nuestra p\u00e1gina web. Para ello podemos analizar sus h\u00e1bitos de navegaci\u00f3n en Internet y podemos mostrarle publicidad relacionada con su perfil de navegaci\u00f3n.&nbsp;<\/p>\n\n\n\n<p><strong>Cookies de\u202fpublicidad comportamental:<\/strong>&nbsp;Son aqu\u00e9llas que permiten la gesti\u00f3n, de la forma m\u00e1s eficaz posible, de los espacios publicitarios que, en su caso, el editor haya incluido en una p\u00e1gina web, aplicaci\u00f3n o plataforma desde la que presta el servicio solicitado. Estas cookies almacenan informaci\u00f3n del comportamiento de los usuarios obtenida a trav\u00e9s de la observaci\u00f3n continuada de sus h\u00e1bitos de navegaci\u00f3n, lo que permite desarrollar un perfil espec\u00edfico para mostrar publicidad en funci\u00f3n del mismo.&nbsp;<\/p>\n\n\n\n<p><strong>Cookies\u202fde redes sociales<\/strong>:\u202fSon aquellas desarrolladas por los servicios de redes sociales (como Twitter, LinkedIn, Facebook, entre otros), las cuales hemos agregado al sitio web para permitirle que comparta nuestro contenido con sus amigos y conocidos. Estas\u202fcookies\u202fson capaces de monitorear su navegaci\u00f3n en otros sitios web y construir un perfil de sus intereses, y pueden influir en el contenido y en los mensajes que observe en las diferentes p\u00e1ginas que visite.&nbsp;<\/p>\n\n\n\n<p><strong>Cookies de terceros:<\/strong>&nbsp;Esta Web puede utilizar servicios de terceros que, por nuestra cuenta, recopilaran informaci\u00f3n con fines estad\u00edsticos, de uso del Site por parte del usuario y para la prestaci\u00f3n de otros servicios relacionados con la actividad del Website y otros servicios de Internet.&nbsp;&nbsp;<\/p>\n\n\n\n<p><strong>\u00bfQu\u00e9 cookies de terceros utiliza esta p\u00e1gina web?&nbsp;<\/strong><\/p>\n\n\n\n<p>En particular, este sitio Web utiliza&nbsp;<strong>Google Analytics<\/strong>, un servicio anal\u00edtico de web prestado por Google, Inc. con domicilio en los Estados Unidos con sede central en 1600 Amphitheatre Parkway, Mountain View, California 94043. Para la prestaci\u00f3n de estos servicios, estos utilizan cookies que recopilan la informaci\u00f3n, incluida la direcci\u00f3n IP del usuario, que ser\u00e1 transmitida, tratada y almacenada por Google en los t\u00e9rminos fijados en la Web Google.com. Incluyendo la posible transmisi\u00f3n de dicha informaci\u00f3n a terceros por razones de exigencia legal o cuando dichos terceros procesen la informaci\u00f3n por cuenta de Google. Atendiendo a la finalidad, estas cookies est\u00e1n incluidas dentro del grupo de cookies de An\u00e1lisis.&nbsp;&nbsp;<\/p>\n\n\n\n<p><strong>Informaci\u00f3n sobre cookies de la web&nbsp;<\/strong><\/p>\n\n\n\n<p>En la siguiente tabla se pueden mostrar las cookies utilizadas en este Sitio Web.&nbsp;&nbsp;<\/p>\n\n\n\n<p>Tipo de cookie Nombre de la cookie Descripci\u00f3n Finalidades Plazo de conservaci\u00f3n&nbsp;<\/p>\n\n\n\n<p>Cookie de terceros _ga Google Analytics Esta cookie genera un ID de usuario \u00fanico y registra la fecha, la primera y la \u00faltima vez que el usuario visti\u00f3 la web. Se utiliza para hacer recuento de cuantas veces visita el sitio un usuario \u00fanico. 2 a\u00f1os&nbsp;<\/p>\n\n\n\n<p>Cookie de terceros _gid Google Analytics Esta cookie registra la hora de llegada a la p\u00e1gina y caduca a las 24 horas. Sirve para calcular el tiempo que un usuario permanece en una p\u00e1gina. 24 horas&nbsp;<\/p>\n\n\n\n<p>Cookie de terceros _gat Google Analytics Se usa para limitar el porcentaje de solicitudes. 1 minuto&nbsp;<\/p>\n\n\n\n<p>Cookie publicitaria _glc_au Google AdSense Se utiliza para experimentar la eficiencia publicitaria en los sitios web que utilizan sus servicios. Es la cookie de origen para la funcionalidad de \u201cConversion Linker\u201d: toma informaci\u00f3n en clics de anuncios y la almacena en una cookie de origen para que las conversiones puedan atribuirse fuera de la p\u00e1gina de aterrizaje. 3 meses&nbsp;<\/p>\n\n\n\n<p>Cookie publicitaria _fbp Marketing Cookie utilizada por Facebook para ofrecer gama de productos publicitarios, as\u00ed como ofertas en tiempo real de anunciantes externos. 3 meses&nbsp;<\/p>\n\n\n\n<p>Cookie t\u00e9cnica Acepta_cookies_funcionales Acepta_cookies_obligatorias Acepta_cookies_personalizacion Cookie_legal_* T\u00e9cnicas Verifica si el usuario ha aceptado o no las cookies del sitio web. 3 meses<\/p>\n\n\n\n<p>Cookie t\u00e9cnica Has_js Cookie de sesi\u00f3n\/ Javascript Se utiliza para controlar si el navegador del usuario acepta Javascript Sesi\u00f3n&nbsp;<\/p>\n\n\n\n<p>Cookie funcional de tercero ssupp.vid Smartsupp Necesaria para la funcionalidad del chat. 6 meses&nbsp;<\/p>\n\n\n\n<p>Cookie de tercero ssupp.visits Smartsupp Almacena el n\u00famero de visitas previas. Rastrea mensajes autom\u00e1ticos del servicio de chat en vivi\u00f3 proporcionado por Smartsupp. 6 meses&nbsp;<\/p>\n\n\n\n<p>Puede encontrar m\u00e1s informaci\u00f3n sobre el tratamiento de datos de este tipo de cookies accediendo a la pol\u00edtica de privacidad de Google en el siguiente enlace&nbsp;<a href=\"https:\/\/policies.google.com\/privacy\" rel=\"noreferrer noopener\" target=\"_blank\">https:\/\/policies.google.com\/privacy<\/a>&nbsp;<\/p>\n\n\n\n<p>Tambi\u00e9n utiliza cookies para el servicio de email marketing, cuyo proveedor es&nbsp;<strong>ActiveCampaign<\/strong>. La lista de suscripci\u00f3n a trav\u00e9s de correo electr\u00f3nico ser\u00e1 almacenada en el proveedor de servicios de email marketing ActiveCampaign cuya pol\u00edtica de privacidad puedes encontrar en el enlace&nbsp;&nbsp;<a href=\"https:\/\/www.activecampaign.com\/legal\/privacy-policy\" rel=\"noreferrer noopener\" target=\"_blank\">https:\/\/www.activecampaign.com\/legal\/privacy-policy<\/a>.&nbsp;<\/p>\n\n\n\n<p>En su pol\u00edtica de privacidad se declara c\u00f3mo las listas de distribuci\u00f3n que quedan almacenadas en el servidor de ActiveCampaign no son objeto de cesi\u00f3n, comunicaci\u00f3n o venta a terceros, ni tampoco desde ActiveCampaign se env\u00edan comunicaciones a dichas direcciones.&nbsp;<\/p>\n\n\n\n<p>ActiveCampaign, Inc., con domicilio en EEUU. est\u00e1 adherido a Privacy Shield, y ante la falta de validez de dicho acuerdo, ha actualizado su pol\u00edtica de privacidad y procesamiento de datos mediante la formalizaci\u00f3n de un Addendum (el \u201cDPA\u201d) y ha puesto a disposici\u00f3n de los clientes las Cl\u00e1usulas Contractuales Est\u00e1ndar de la UE (las \u201cCEC\u201d o \u201cSCC\u201d), que generalmente fueron confirmadas por el TJUE para su ejecuci\u00f3n y constataci\u00f3n del cumplimiento del GDPR. Tambi\u00e9n han a\u00f1adido algunas \u201cmedidas complementarias\u201d a las CEC siguiendo la orientaci\u00f3n proporcionada por la opini\u00f3n del TJUE. Pueden consultarse en el siguiente link:&nbsp;<a href=\"https:\/\/ec.europa.eu\/info\/law\/law-topic\/data-protection\/international-dimension-data-protection\/standard-contractual-clauses-scc\/standard-contractual-clauses-international-transfers_en\" rel=\"noreferrer noopener\" target=\"_blank\">Standard contractual clauses for international transfers | European Commission (europa.eu)<\/a>&nbsp;&nbsp;<\/p>\n\n\n\n<p>Por ello, tiene reconocido por la Comisi\u00f3n Europea un nivel de adecuaci\u00f3n y de protecci\u00f3n, por lo que no se requiere autorizaci\u00f3n del Director de la Agencia Espa\u00f1ola de Protecci\u00f3n de datos.&nbsp;&nbsp;<\/p>\n\n\n\n<ul class=\"wp-block-list\">\n<li><strong>Cookie<\/strong>: ac_enable_tracking ; prism_*&nbsp;<\/li>\n\n\n\n<li><strong>Titular<\/strong>: ActiveCampaign&nbsp;<\/li>\n\n\n\n<li><strong>Fecha de caducidad<\/strong>: 1 mes; 3 meses.&nbsp;<\/li>\n\n\n\n<li><strong>Funcionalidad<\/strong>: Esta cookie est\u00e1 asociada con Active Campaign y est\u00e1 configurada para confirmar que el seguimiento se ha habilitado para el sitio web. El seguimiento se utiliza para crear informes de nuestro tr\u00e1fico web y mejorar la experiencia del usuario del sitio web.&nbsp;<\/li>\n<\/ul>\n\n\n\n<p><strong>Cesiones de datos personales&nbsp;<\/strong><\/p>\n\n\n\n<p>Salvo obligaci\u00f3n legal y exceptuando las citadas cookies de terceros, no se prev\u00e9n cesiones de datos personales contenidos en las cookies, ni cualquier tipo de transferencias internacionales.&nbsp;<\/p>\n\n\n\n<p><strong>\u00bfC\u00f3mo puede revocar su consentimiento, bloquear o eliminar cookies?&nbsp;<\/strong><\/p>\n\n\n\n<p>Revocar el consentimiento har\u00e1 que desde ese momento no se almacenen m\u00e1s las cookies revocadas, pero no ejecutar\u00e1 un borrado de las cookies que ya se hayan almacenado.&nbsp;&nbsp;<\/p>\n\n\n\n<p>Usted tiene la opci\u00f3n de permitir, bloquear o eliminar las cookies instaladas en su equipo mediante la configuraci\u00f3n de las opciones del navegador. Al desactivar cookies, algunos de los servicios disponibles podr\u00edan dejar de estar operativos. La forma de deshabilitar las cookies es diferente para cada navegador, pero normalmente puede hacerse desde el men\u00fa Herramientas u Opciones. Tambi\u00e9n puede consultarse el men\u00fa de Ayuda del navegador d\u00f3nde puedes encontrar instrucciones. El usuario podr\u00e1 -en cualquier momento- elegir qu\u00e9 cookies quiere que funcionen en este sitio web mediante la configuraci\u00f3n del\u202fnavegador; por ejemplo:&nbsp;<\/p>\n\n\n\n<ul class=\"wp-block-list\">\n<li><a href=\"http:\/\/support.google.com\/chrome\/bin\/answer.py?hl=es&amp;answer=95647%22%20\\t%20%22_blank\" rel=\"noreferrer noopener\" target=\"_blank\">Chrome<\/a>&nbsp;<\/li>\n\n\n\n<li><a href=\"http:\/\/windows.microsoft.com\/es-es\/windows7\/how-to-manage-cookies-in-internet-explorer-9\" rel=\"noreferrer noopener\" target=\"_blank\">Explorer<\/a>&nbsp;<\/li>\n\n\n\n<li><a href=\"http:\/\/support.mozilla.org\/es\/kb\/habilitar-y-deshabilitar-cookies-que-los-sitios-we\" rel=\"noreferrer noopener\" target=\"_blank\">Firefox<\/a>&nbsp;<\/li>\n\n\n\n<li><a href=\"http:\/\/support.apple.com\/kb\/ph5042\" rel=\"noreferrer noopener\" target=\"_blank\">Safari<\/a>&nbsp;<\/li>\n\n\n\n<li><a href=\"https:\/\/help.opera.com\/en\/latest\/web-preferences\/%22%20\/l%20%22cookies\" rel=\"noreferrer noopener\" target=\"_blank\">Opera<\/a>&nbsp;<\/li>\n<\/ul>\n\n\n\n<p>Si tiene dudas sobre esta pol\u00edtica de cookies, puede contactar con nosotros en&nbsp;<a href=\"mailto:privacidad@integratecnologia.es\" rel=\"noreferrer noopener\" target=\"_blank\">privacidad@integratecnologia.es<\/a>&nbsp;<\/p>\n","protected":false},"excerpt":{"rendered":"<p>En cumplimiento con el art\u00edculo 22 de la Ley 34\/2002, de 11 de julio, de servicios de la sociedad de la informaci\u00f3n y de comercio electr\u00f3nico (LSSI), en relaci\u00f3n con el Reglamento (UE) 2016\/679 del Parlamento Europeo y del Consejo, de 27 de abril de 2016, General de Protecci\u00f3n de Datos (RGPD) y la Ley [&hellip;]<\/p>\n","protected":false},"author":4,"featured_media":0,"parent":0,"menu_order":0,"comment_status":"closed","ping_status":"closed","template":"","meta":{"_uag_custom_page_level_css":"","site-sidebar-layout":"no-sidebar","site-content-layout":"plain-container","ast-site-content-layout":"normal-width-container","site-content-style":"unboxed","site-sidebar-style":"unboxed","ast-global-header-display":"","ast-banner-title-visibility":"","ast-main-header-display":"","ast-hfb-above-header-display":"","ast-hfb-below-header-display":"","ast-hfb-mobile-header-display":"","site-post-title":"disabled","ast-breadcrumbs-content":"","ast-featured-img":"disabled","footer-sml-layout":"","ast-disable-related-posts":"","theme-transparent-header-meta":"enabled","adv-header-id-meta":"","stick-header-meta":"","header-above-stick-meta":"","header-main-stick-meta":"","header-below-stick-meta":"","astra-migrate-meta-layouts":"set","ast-page-background-enabled":"default","ast-page-background-meta":{"desktop":{"background-color":"var(--ast-global-color-4)","background-image":"","background-repeat":"repeat","background-position":"center center","background-size":"auto","background-attachment":"scroll","background-type":"","background-media":"","overlay-type":"","overlay-color":"","overlay-opacity":"","overlay-gradient":""},"tablet":{"background-color":"","background-image":"","background-repeat":"repeat","background-position":"center center","background-size":"auto","background-attachment":"scroll","background-type":"","background-media":"","overlay-type":"","overlay-color":"","overlay-opacity":"","overlay-gradient":""},"mobile":{"background-color":"","background-image":"","background-repeat":"repeat","background-position":"center center","background-size":"auto","background-attachment":"scroll","background-type":"","background-media":"","overlay-type":"","overlay-color":"","overlay-opacity":"","overlay-gradient":""}},"ast-content-background-meta":{"desktop":{"background-color":"var(--ast-global-color-5)","background-image":"","background-repeat":"repeat","background-position":"center center","background-size":"auto","background-attachment":"scroll","background-type":"","background-media":"","overlay-type":"","overlay-color":"","overlay-opacity":"","overlay-gradient":""},"tablet":{"background-color":"var(--ast-global-color-5)","background-image":"","background-repeat":"repeat","background-position":"center center","background-size":"auto","background-attachment":"scroll","background-type":"","background-media":"","overlay-type":"","overlay-color":"","overlay-opacity":"","overlay-gradient":""},"mobile":{"background-color":"var(--ast-global-color-5)","background-image":"","background-repeat":"repeat","background-position":"center center","background-size":"auto","background-attachment":"scroll","background-type":"","background-media":"","overlay-type":"","overlay-color":"","overlay-opacity":"","overlay-gradient":""}},"footnotes":""},"class_list":["post-1615","page","type-page","status-publish","hentry"],"uagb_featured_image_src":{"full":false,"thumbnail":false,"medium":false,"medium_large":false,"large":false,"1536x1536":false,"2048x2048":false,"gform-image-choice-sm":false,"gform-image-choice-md":false,"gform-image-choice-lg":false},"uagb_author_info":{"display_name":"Efor","author_link":"https:\/\/www.integratecnologia.es\/ibm-storage-flashsystem\/author\/efor\/"},"uagb_comment_info":0,"uagb_excerpt":"En cumplimiento con el art\u00edculo 22 de la Ley 34\/2002, de 11 de julio, de servicios de la sociedad de la informaci\u00f3n y de comercio electr\u00f3nico (LSSI), en relaci\u00f3n con el Reglamento (UE) 2016\/679 del Parlamento Europeo y del Consejo, de 27 de abril de 2016, General de Protecci\u00f3n de Datos (RGPD) y la Ley&hellip;","_links":{"self":[{"href":"https:\/\/www.integratecnologia.es\/ibm-storage-flashsystem\/wp-json\/wp\/v2\/pages\/1615","targetHints":{"allow":["GET"]}}],"collection":[{"href":"https:\/\/www.integratecnologia.es\/ibm-storage-flashsystem\/wp-json\/wp\/v2\/pages"}],"about":[{"href":"https:\/\/www.integratecnologia.es\/ibm-storage-flashsystem\/wp-json\/wp\/v2\/types\/page"}],"author":[{"embeddable":true,"href":"https:\/\/www.integratecnologia.es\/ibm-storage-flashsystem\/wp-json\/wp\/v2\/users\/4"}],"replies":[{"embeddable":true,"href":"https:\/\/www.integratecnologia.es\/ibm-storage-flashsystem\/wp-json\/wp\/v2\/comments?post=1615"}],"version-history":[{"count":4,"href":"https:\/\/www.integratecnologia.es\/ibm-storage-flashsystem\/wp-json\/wp\/v2\/pages\/1615\/revisions"}],"predecessor-version":[{"id":1741,"href":"https:\/\/www.integratecnologia.es\/ibm-storage-flashsystem\/wp-json\/wp\/v2\/pages\/1615\/revisions\/1741"}],"wp:attachment":[{"href":"https:\/\/www.integratecnologia.es\/ibm-storage-flashsystem\/wp-json\/wp\/v2\/media?parent=1615"}],"curies":[{"name":"wp","href":"https:\/\/api.w.org\/{rel}","templated":true}]}}